{"id":115,"date":"2023-04-09T20:47:40","date_gmt":"2023-04-09T20:47:40","guid":{"rendered":"https:\/\/digitalnaknjiga.hr\/?page_id=115"},"modified":"2023-04-09T20:50:48","modified_gmt":"2023-04-09T20:50:48","slug":"kako-koristiti-aplikaciju","status":"publish","type":"page","link":"https:\/\/digitalnaknjiga.hr\/?page_id=115","title":{"rendered":"Kako koristiti aplikaciju"},"content":{"rendered":"<p>Aplikacija je jednostavna za kori\u0161tenje. Klikom na podcrtane pojmove, mo\u017eete saznati vi\u0161e o pojmu ili o djelu koje \u010ditate. Dvoklikom na re\u010denicu u orginalnom prikazu, aplikacija \u0107e vam prikazati verziju na standardnom hrvatskom jeziku samo za izabranu re\u010denicu. U gornjem desnom kutu, klikom na simbol za vi\u0161ejezi\u010dnost, prikazat \u0107e vam se cjelovit prijevod ili original djela.<\/p>\n","protected":false},"excerpt":{"rendered":"<p>Aplikacija je jednostavna za kori\u0161tenje. Klikom na podcrtane pojmove, mo\u017eete saznati vi\u0161e o pojmu ili o djelu koje \u010ditate. Dvoklikom na re\u010denicu u orginalnom prikazu, aplikacija \u0107e vam prikazati verziju na standardnom hrvatskom jeziku samo za izabranu re\u010denicu. U gornjem desnom kutu, klikom na simbol za vi\u0161ejezi\u010dnost, prikazat \u0107e vam se cjelovit prijevod ili original [&hellip;]<\/p>\n","protected":false},"author":1,"featured_media":0,"parent":0,"menu_order":0,"comment_status":"closed","ping_status":"closed","template":"","meta":{"_acf_changed":false,"footnotes":""},"class_list":["post-115","page","type-page","status-publish","hentry"],"acf":[],"_links":{"self":[{"href":"https:\/\/digitalnaknjiga.hr\/index.php?rest_route=\/wp\/v2\/pages\/115","targetHints":{"allow":["GET"]}}],"collection":[{"href":"https:\/\/digitalnaknjiga.hr\/index.php?rest_route=\/wp\/v2\/pages"}],"about":[{"href":"https:\/\/digitalnaknjiga.hr\/index.php?rest_route=\/wp\/v2\/types\/page"}],"author":[{"embeddable":true,"href":"https:\/\/digitalnaknjiga.hr\/index.php?rest_route=\/wp\/v2\/users\/1"}],"replies":[{"embeddable":true,"href":"https:\/\/digitalnaknjiga.hr\/index.php?rest_route=%2Fwp%2Fv2%2Fcomments&post=115"}],"version-history":[{"count":2,"href":"https:\/\/digitalnaknjiga.hr\/index.php?rest_route=\/wp\/v2\/pages\/115\/revisions"}],"predecessor-version":[{"id":118,"href":"https:\/\/digitalnaknjiga.hr\/index.php?rest_route=\/wp\/v2\/pages\/115\/revisions\/118"}],"wp:attachment":[{"href":"https:\/\/digitalnaknjiga.hr\/index.php?rest_route=%2Fwp%2Fv2%2Fmedia&parent=115"}],"curies":[{"name":"wp","href":"https:\/\/api.w.org\/{rel}","templated":true}]}}